{"id":5035,"date":"2023-07-24T21:40:53","date_gmt":"2023-07-24T21:40:53","guid":{"rendered":"https:\/\/lmfc.pt\/?page_id=5035"},"modified":"2025-02-06T22:28:12","modified_gmt":"2025-02-06T22:28:12","slug":"documentos-orientadores","status":"publish","type":"page","link":"https:\/\/lmfc.pt\/?page_id=5035","title":{"rendered":"DOCUMENTOS ORIENTADORES"},"content":{"rendered":"\t\t<div data-elementor-type=\"wp-page\" data-elementor-id=\"5035\" class=\"elementor elementor-5035\">\n\t\t\t\t\t\t<section class=\"elementor-section elementor-top-section elementor-element elementor-element-3cfaf81 elementor-section-boxed elementor-section-height-default elementor-section-height-default\" data-id=\"3cfaf81\" data-element_type=\"section\" data-e-type=\"section\">\n\t\t\t\t\t\t<div class=\"elementor-container elementor-column-gap-default\">\n\t\t\t\t\t<div class=\"elementor-column elementor-col-25 elementor-top-column elementor-element elementor-element-fc6944f\" data-id=\"fc6944f\" data-element_type=\"column\" data-e-type=\"column\">\n\t\t\t<div class=\"elementor-widget-wrap elementor-element-populated\">\n\t\t\t\t\t\t<div class=\"elementor-element elementor-element-36103fb elementor-widget elementor-widget-image\" data-id=\"36103fb\" data-element_type=\"widget\" data-e-type=\"widget\" data-widget_type=\"image.default\">\n\t\t\t\t<div class=\"elementor-widget-container\">\n\t\t\t\t\t\t\t\t\t\t\t\t<figure class=\"wp-caption\">\n\t\t\t\t\t\t\t\t\t\t\t<a href=\"https:\/\/lmfc.pt\/wp-content\/uploads\/2020\/12\/Doc_orient_tecnico_novo_2023.pdf\">\n\t\t\t\t\t\t\t<img fetchpriority=\"high\" decoding=\"async\" width=\"705\" height=\"913\" src=\"https:\/\/lmfc.pt\/wp-content\/uploads\/2020\/12\/documento-orientador.jpg\" class=\"attachment-large size-large wp-image-5098\" alt=\"\" srcset=\"https:\/\/lmfc.pt\/wp-content\/uploads\/2020\/12\/documento-orientador.jpg 705w, https:\/\/lmfc.pt\/wp-content\/uploads\/2020\/12\/documento-orientador-232x300.jpg 232w, https:\/\/lmfc.pt\/wp-content\/uploads\/2020\/12\/documento-orientador-600x777.jpg 600w\" sizes=\"(max-width: 705px) 100vw, 705px\" \/>\t\t\t\t\t\t\t\t<\/a>\n\t\t\t\t\t\t\t\t\t\t\t<figcaption class=\"widget-image-caption wp-caption-text\">DOCUMENTO ORIENTADOR T\u00c9CNICO<\/figcaption>\n\t\t\t\t\t\t\t\t\t\t<\/figure>\n\t\t\t\t\t\t\t\t\t<\/div>\n\t\t\t\t<\/div>\n\t\t\t\t\t<\/div>\n\t\t<\/div>\n\t\t\t\t<div class=\"elementor-column elementor-col-25 elementor-top-column elementor-element elementor-element-5ab9467\" data-id=\"5ab9467\" data-element_type=\"column\" data-e-type=\"column\">\n\t\t\t<div class=\"elementor-widget-wrap elementor-element-populated\">\n\t\t\t\t\t\t<div class=\"elementor-element elementor-element-2c6b52e elementor-widget elementor-widget-image\" data-id=\"2c6b52e\" data-element_type=\"widget\" data-e-type=\"widget\" data-widget_type=\"image.default\">\n\t\t\t\t<div class=\"elementor-widget-container\">\n\t\t\t\t\t\t\t\t\t\t\t\t<figure class=\"wp-caption\">\n\t\t\t\t\t\t\t\t\t\t\t<a href=\"https:\/\/lmfc.pt\/wp-content\/uploads\/2020\/12\/A-NOSSA-MISSAO.pdf\">\n\t\t\t\t\t\t\t<img decoding=\"async\" width=\"643\" height=\"910\" src=\"https:\/\/lmfc.pt\/wp-content\/uploads\/2020\/12\/a-nossa-missao.jpg\" class=\"attachment-large size-large wp-image-5096\" alt=\"\" srcset=\"https:\/\/lmfc.pt\/wp-content\/uploads\/2020\/12\/a-nossa-missao.jpg 643w, https:\/\/lmfc.pt\/wp-content\/uploads\/2020\/12\/a-nossa-missao-212x300.jpg 212w, https:\/\/lmfc.pt\/wp-content\/uploads\/2020\/12\/a-nossa-missao-600x849.jpg 600w\" sizes=\"(max-width: 643px) 100vw, 643px\" \/>\t\t\t\t\t\t\t\t<\/a>\n\t\t\t\t\t\t\t\t\t\t\t<figcaption class=\"widget-image-caption wp-caption-text\">A NOSSA MISS\u00c3O<\/figcaption>\n\t\t\t\t\t\t\t\t\t\t<\/figure>\n\t\t\t\t\t\t\t\t\t<\/div>\n\t\t\t\t<\/div>\n\t\t\t\t\t<\/div>\n\t\t<\/div>\n\t\t\t\t<div class=\"elementor-column elementor-col-25 elementor-top-column elementor-element elementor-element-6e9400b\" data-id=\"6e9400b\" data-element_type=\"column\" data-e-type=\"column\">\n\t\t\t<div class=\"elementor-widget-wrap elementor-element-populated\">\n\t\t\t\t\t\t<div class=\"elementor-element elementor-element-a6c5899 elementor-widget elementor-widget-image\" data-id=\"a6c5899\" data-element_type=\"widget\" data-e-type=\"widget\" data-widget_type=\"image.default\">\n\t\t\t\t<div class=\"elementor-widget-container\">\n\t\t\t\t\t\t\t\t\t\t\t\t<figure class=\"wp-caption\">\n\t\t\t\t\t\t\t\t\t\t\t<a href=\"https:\/\/lmfc.pt\/wp-content\/uploads\/2020\/12\/OS-NOSSOS-OBJECTIVOS-2023.pdf\">\n\t\t\t\t\t\t\t<img decoding=\"async\" width=\"643\" height=\"912\" src=\"https:\/\/lmfc.pt\/wp-content\/uploads\/2020\/12\/o-nossos-objetivos.jpg\" class=\"attachment-large size-large wp-image-5095\" alt=\"\" srcset=\"https:\/\/lmfc.pt\/wp-content\/uploads\/2020\/12\/o-nossos-objetivos.jpg 643w, https:\/\/lmfc.pt\/wp-content\/uploads\/2020\/12\/o-nossos-objetivos-212x300.jpg 212w, https:\/\/lmfc.pt\/wp-content\/uploads\/2020\/12\/o-nossos-objetivos-600x851.jpg 600w\" sizes=\"(max-width: 643px) 100vw, 643px\" \/>\t\t\t\t\t\t\t\t<\/a>\n\t\t\t\t\t\t\t\t\t\t\t<figcaption class=\"widget-image-caption wp-caption-text\">OS NOSSOS OBJETIVOS<\/figcaption>\n\t\t\t\t\t\t\t\t\t\t<\/figure>\n\t\t\t\t\t\t\t\t\t<\/div>\n\t\t\t\t<\/div>\n\t\t\t\t\t<\/div>\n\t\t<\/div>\n\t\t\t\t<div class=\"elementor-column elementor-col-25 elementor-top-column elementor-element elementor-element-fe26e1b\" data-id=\"fe26e1b\" data-element_type=\"column\" data-e-type=\"column\">\n\t\t\t<div class=\"elementor-widget-wrap elementor-element-populated\">\n\t\t\t\t\t\t<div class=\"elementor-element elementor-element-7882462 elementor-widget elementor-widget-image\" data-id=\"7882462\" data-element_type=\"widget\" data-e-type=\"widget\" data-widget_type=\"image.default\">\n\t\t\t\t<div class=\"elementor-widget-container\">\n\t\t\t\t\t\t\t\t\t\t\t\t<figure class=\"wp-caption\">\n\t\t\t\t\t\t\t\t\t\t\t<a href=\"https:\/\/lmfc.pt\/wp-content\/uploads\/2020\/12\/A-NOSSA-VISAO-2022.pdf\">\n\t\t\t\t\t\t\t<img loading=\"lazy\" decoding=\"async\" width=\"645\" height=\"912\" src=\"https:\/\/lmfc.pt\/wp-content\/uploads\/2020\/12\/a-nossa-visao.jpg\" class=\"attachment-large size-large wp-image-5097\" alt=\"\" srcset=\"https:\/\/lmfc.pt\/wp-content\/uploads\/2020\/12\/a-nossa-visao.jpg 645w, https:\/\/lmfc.pt\/wp-content\/uploads\/2020\/12\/a-nossa-visao-212x300.jpg 212w, https:\/\/lmfc.pt\/wp-content\/uploads\/2020\/12\/a-nossa-visao-600x848.jpg 600w\" sizes=\"(max-width: 645px) 100vw, 645px\" \/>\t\t\t\t\t\t\t\t<\/a>\n\t\t\t\t\t\t\t\t\t\t\t<figcaption class=\"widget-image-caption wp-caption-text\">A NOSSA VIS\u00c3O<\/figcaption>\n\t\t\t\t\t\t\t\t\t\t<\/figure>\n\t\t\t\t\t\t\t\t\t<\/div>\n\t\t\t\t<\/div>\n\t\t\t\t\t<\/div>\n\t\t<\/div>\n\t\t\t\t\t<\/div>\n\t\t<\/section>\n\t\t\t\t<\/div>\n\t\t","protected":false},"excerpt":{"rendered":"<p>DOCUMENTO ORIENTADOR T\u00c9CNICO A NOSSA MISS\u00c3O OS NOSSOS OBJETIVOS A NOSSA VIS\u00c3O<\/p>\n","protected":false},"author":2,"featured_media":0,"parent":0,"menu_order":0,"comment_status":"closed","ping_status":"closed","template":"","meta":{"site-sidebar-layout":"no-sidebar","site-content-layout":"page-builder","ast-site-content-layout":"default","site-content-style":"default","site-sidebar-style":"default","ast-global-header-display":"","ast-banner-title-visibility":"","ast-main-header-display":"","ast-hfb-above-header-display":"","ast-hfb-below-header-display":"","ast-hfb-mobile-header-display":"","site-post-title":"disabled","ast-breadcrumbs-content":"","ast-featured-img":"disabled","footer-sml-layout":"","ast-disable-related-posts":"","theme-transparent-header-meta":"","adv-header-id-meta":"","stick-header-meta":"","header-above-stick-meta":"","header-main-stick-meta":"","header-below-stick-meta":"","astra-migrate-meta-layouts":"default","ast-page-background-enabled":"default","ast-page-background-meta":{"desktop":{"background-color":"","background-image":"","background-repeat":"repeat","background-position":"center center","background-size":"auto","background-attachment":"scroll","background-type":"","background-media":"","overlay-type":"","overlay-color":"","overlay-opacity":"","overlay-gradient":""},"tablet":{"background-color":"","background-image":"","background-repeat":"repeat","background-position":"center center","background-size":"auto","background-attachment":"scroll","background-type":"","background-media":"","overlay-type":"","overlay-color":"","overlay-opacity":"","overlay-gradient":""},"mobile":{"background-color":"","background-image":"","background-repeat":"repeat","background-position":"center center","background-size":"auto","background-attachment":"scroll","background-type":"","background-media":"","overlay-type":"","overlay-color":"","overlay-opacity":"","overlay-gradient":""}},"ast-content-background-meta":{"desktop":{"background-color":"var(--ast-global-color-5)","background-image":"","background-repeat":"repeat","background-position":"center center","background-size":"auto","background-attachment":"scroll","background-type":"","background-media":"","overlay-type":"","overlay-color":"","overlay-opacity":"","overlay-gradient":""},"tablet":{"background-color":"var(--ast-global-color-5)","background-image":"","background-repeat":"repeat","background-position":"center center","background-size":"auto","background-attachment":"scroll","background-type":"","background-media":"","overlay-type":"","overlay-color":"","overlay-opacity":"","overlay-gradient":""},"mobile":{"background-color":"var(--ast-global-color-5)","background-image":"","background-repeat":"repeat","background-position":"center center","background-size":"auto","background-attachment":"scroll","background-type":"","background-media":"","overlay-type":"","overlay-color":"","overlay-opacity":"","overlay-gradient":""}},"footnotes":""},"class_list":["post-5035","page","type-page","status-publish","hentry"],"yoast_head":"<!-- This site is optimized with the Yoast SEO plugin v27.6 - https:\/\/yoast.com\/product\/yoast-seo-wordpress\/ -->\n<title>DOCUMENTOS ORIENTADORES - LARANJA MEC\u00c2NICA FUTSAL CLUBE<\/title>\n<meta name=\"robots\" content=\"index, follow, max-snippet:-1, max-image-preview:large, max-video-preview:-1\" \/>\n<link rel=\"canonical\" href=\"https:\/\/lmfc.pt\/?page_id=5035\" \/>\n<meta property=\"og:locale\" content=\"pt_PT\" \/>\n<meta property=\"og:type\" content=\"article\" \/>\n<meta property=\"og:title\" content=\"DOCUMENTOS ORIENTADORES - LARANJA MEC\u00c2NICA FUTSAL CLUBE\" \/>\n<meta property=\"og:description\" content=\"DOCUMENTO ORIENTADOR T\u00c9CNICO A NOSSA MISS\u00c3O OS NOSSOS OBJETIVOS A NOSSA VIS\u00c3O\" \/>\n<meta property=\"og:url\" content=\"https:\/\/lmfc.pt\/?page_id=5035\" \/>\n<meta property=\"og:site_name\" content=\"LARANJA MEC\u00c2NICA FUTSAL CLUBE\" \/>\n<meta property=\"article:publisher\" content=\"https:\/\/www.facebook.com\/LMFCAcademiaXS\" \/>\n<meta property=\"article:modified_time\" content=\"2025-02-06T22:28:12+00:00\" \/>\n<meta property=\"og:image\" content=\"https:\/\/lmfc.pt\/wp-content\/uploads\/2020\/12\/documento-orientador.jpg\" \/>\n<meta name=\"twitter:card\" content=\"summary_large_image\" \/>\n<script type=\"application\/ld+json\" class=\"yoast-schema-graph\">{\"@context\":\"https:\\\/\\\/schema.org\",\"@graph\":[{\"@type\":\"WebPage\",\"@id\":\"https:\\\/\\\/lmfc.pt\\\/?page_id=5035\",\"url\":\"https:\\\/\\\/lmfc.pt\\\/?page_id=5035\",\"name\":\"DOCUMENTOS ORIENTADORES - LARANJA MEC\u00c2NICA FUTSAL CLUBE\",\"isPartOf\":{\"@id\":\"https:\\\/\\\/lmfc.pt\\\/#website\"},\"primaryImageOfPage\":{\"@id\":\"https:\\\/\\\/lmfc.pt\\\/?page_id=5035#primaryimage\"},\"image\":{\"@id\":\"https:\\\/\\\/lmfc.pt\\\/?page_id=5035#primaryimage\"},\"thumbnailUrl\":\"https:\\\/\\\/lmfc.pt\\\/wp-content\\\/uploads\\\/2020\\\/12\\\/documento-orientador.jpg\",\"datePublished\":\"2023-07-24T21:40:53+00:00\",\"dateModified\":\"2025-02-06T22:28:12+00:00\",\"breadcrumb\":{\"@id\":\"https:\\\/\\\/lmfc.pt\\\/?page_id=5035#breadcrumb\"},\"inLanguage\":\"pt-PT\",\"potentialAction\":[{\"@type\":\"ReadAction\",\"target\":[\"https:\\\/\\\/lmfc.pt\\\/?page_id=5035\"]}]},{\"@type\":\"ImageObject\",\"inLanguage\":\"pt-PT\",\"@id\":\"https:\\\/\\\/lmfc.pt\\\/?page_id=5035#primaryimage\",\"url\":\"https:\\\/\\\/lmfc.pt\\\/wp-content\\\/uploads\\\/2020\\\/12\\\/documento-orientador.jpg\",\"contentUrl\":\"https:\\\/\\\/lmfc.pt\\\/wp-content\\\/uploads\\\/2020\\\/12\\\/documento-orientador.jpg\",\"width\":705,\"height\":913},{\"@type\":\"BreadcrumbList\",\"@id\":\"https:\\\/\\\/lmfc.pt\\\/?page_id=5035#breadcrumb\",\"itemListElement\":[{\"@type\":\"ListItem\",\"position\":1,\"name\":\"In\u00edcio\",\"item\":\"https:\\\/\\\/lmfc.pt\\\/\"},{\"@type\":\"ListItem\",\"position\":2,\"name\":\"DOCUMENTOS ORIENTADORES\"}]},{\"@type\":\"WebSite\",\"@id\":\"https:\\\/\\\/lmfc.pt\\\/#website\",\"url\":\"https:\\\/\\\/lmfc.pt\\\/\",\"name\":\"LARANJA MEC\u00c2NICA FUTSAL CLUBE\",\"description\":\"LARANJA MEC\u00c2NICA FUTSAL CLUBE\",\"publisher\":{\"@id\":\"https:\\\/\\\/lmfc.pt\\\/#organization\"},\"potentialAction\":[{\"@type\":\"SearchAction\",\"target\":{\"@type\":\"EntryPoint\",\"urlTemplate\":\"https:\\\/\\\/lmfc.pt\\\/?s={search_term_string}\"},\"query-input\":{\"@type\":\"PropertyValueSpecification\",\"valueRequired\":true,\"valueName\":\"search_term_string\"}}],\"inLanguage\":\"pt-PT\"},{\"@type\":\"Organization\",\"@id\":\"https:\\\/\\\/lmfc.pt\\\/#organization\",\"name\":\"LARANJA MEC\u00c2NICA FUTSAL CLUBE\",\"url\":\"https:\\\/\\\/lmfc.pt\\\/\",\"logo\":{\"@type\":\"ImageObject\",\"inLanguage\":\"pt-PT\",\"@id\":\"https:\\\/\\\/lmfc.pt\\\/#\\\/schema\\\/logo\\\/image\\\/\",\"url\":\"https:\\\/\\\/lmfc.pt\\\/wp-content\\\/uploads\\\/2020\\\/12\\\/LOGO-LMFC.png\",\"contentUrl\":\"https:\\\/\\\/lmfc.pt\\\/wp-content\\\/uploads\\\/2020\\\/12\\\/LOGO-LMFC.png\",\"width\":1080,\"height\":1080,\"caption\":\"LARANJA MEC\u00c2NICA FUTSAL CLUBE\"},\"image\":{\"@id\":\"https:\\\/\\\/lmfc.pt\\\/#\\\/schema\\\/logo\\\/image\\\/\"},\"sameAs\":[\"https:\\\/\\\/www.facebook.com\\\/LMFCAcademiaXS\"]}]}<\/script>\n<!-- \/ Yoast SEO plugin. -->","yoast_head_json":{"title":"DOCUMENTOS ORIENTADORES - LARANJA MEC\u00c2NICA FUTSAL CLUBE","robots":{"index":"index","follow":"follow","max-snippet":"max-snippet:-1","max-image-preview":"max-image-preview:large","max-video-preview":"max-video-preview:-1"},"canonical":"https:\/\/lmfc.pt\/?page_id=5035","og_locale":"pt_PT","og_type":"article","og_title":"DOCUMENTOS ORIENTADORES - LARANJA MEC\u00c2NICA FUTSAL CLUBE","og_description":"DOCUMENTO ORIENTADOR T\u00c9CNICO A NOSSA MISS\u00c3O OS NOSSOS OBJETIVOS A NOSSA VIS\u00c3O","og_url":"https:\/\/lmfc.pt\/?page_id=5035","og_site_name":"LARANJA MEC\u00c2NICA FUTSAL CLUBE","article_publisher":"https:\/\/www.facebook.com\/LMFCAcademiaXS","article_modified_time":"2025-02-06T22:28:12+00:00","og_image":[{"url":"https:\/\/lmfc.pt\/wp-content\/uploads\/2020\/12\/documento-orientador.jpg","type":"","width":"","height":""}],"twitter_card":"summary_large_image","schema":{"@context":"https:\/\/schema.org","@graph":[{"@type":"WebPage","@id":"https:\/\/lmfc.pt\/?page_id=5035","url":"https:\/\/lmfc.pt\/?page_id=5035","name":"DOCUMENTOS ORIENTADORES - LARANJA MEC\u00c2NICA FUTSAL CLUBE","isPartOf":{"@id":"https:\/\/lmfc.pt\/#website"},"primaryImageOfPage":{"@id":"https:\/\/lmfc.pt\/?page_id=5035#primaryimage"},"image":{"@id":"https:\/\/lmfc.pt\/?page_id=5035#primaryimage"},"thumbnailUrl":"https:\/\/lmfc.pt\/wp-content\/uploads\/2020\/12\/documento-orientador.jpg","datePublished":"2023-07-24T21:40:53+00:00","dateModified":"2025-02-06T22:28:12+00:00","breadcrumb":{"@id":"https:\/\/lmfc.pt\/?page_id=5035#breadcrumb"},"inLanguage":"pt-PT","potentialAction":[{"@type":"ReadAction","target":["https:\/\/lmfc.pt\/?page_id=5035"]}]},{"@type":"ImageObject","inLanguage":"pt-PT","@id":"https:\/\/lmfc.pt\/?page_id=5035#primaryimage","url":"https:\/\/lmfc.pt\/wp-content\/uploads\/2020\/12\/documento-orientador.jpg","contentUrl":"https:\/\/lmfc.pt\/wp-content\/uploads\/2020\/12\/documento-orientador.jpg","width":705,"height":913},{"@type":"BreadcrumbList","@id":"https:\/\/lmfc.pt\/?page_id=5035#breadcrumb","itemListElement":[{"@type":"ListItem","position":1,"name":"In\u00edcio","item":"https:\/\/lmfc.pt\/"},{"@type":"ListItem","position":2,"name":"DOCUMENTOS ORIENTADORES"}]},{"@type":"WebSite","@id":"https:\/\/lmfc.pt\/#website","url":"https:\/\/lmfc.pt\/","name":"LARANJA MEC\u00c2NICA FUTSAL CLUBE","description":"LARANJA MEC\u00c2NICA FUTSAL CLUBE","publisher":{"@id":"https:\/\/lmfc.pt\/#organization"},"potentialAction":[{"@type":"SearchAction","target":{"@type":"EntryPoint","urlTemplate":"https:\/\/lmfc.pt\/?s={search_term_string}"},"query-input":{"@type":"PropertyValueSpecification","valueRequired":true,"valueName":"search_term_string"}}],"inLanguage":"pt-PT"},{"@type":"Organization","@id":"https:\/\/lmfc.pt\/#organization","name":"LARANJA MEC\u00c2NICA FUTSAL CLUBE","url":"https:\/\/lmfc.pt\/","logo":{"@type":"ImageObject","inLanguage":"pt-PT","@id":"https:\/\/lmfc.pt\/#\/schema\/logo\/image\/","url":"https:\/\/lmfc.pt\/wp-content\/uploads\/2020\/12\/LOGO-LMFC.png","contentUrl":"https:\/\/lmfc.pt\/wp-content\/uploads\/2020\/12\/LOGO-LMFC.png","width":1080,"height":1080,"caption":"LARANJA MEC\u00c2NICA FUTSAL CLUBE"},"image":{"@id":"https:\/\/lmfc.pt\/#\/schema\/logo\/image\/"},"sameAs":["https:\/\/www.facebook.com\/LMFCAcademiaXS"]}]}},"_links":{"self":[{"href":"https:\/\/lmfc.pt\/index.php?rest_route=\/wp\/v2\/pages\/5035","targetHints":{"allow":["GET"]}}],"collection":[{"href":"https:\/\/lmfc.pt\/index.php?rest_route=\/wp\/v2\/pages"}],"about":[{"href":"https:\/\/lmfc.pt\/index.php?rest_route=\/wp\/v2\/types\/page"}],"author":[{"embeddable":true,"href":"https:\/\/lmfc.pt\/index.php?rest_route=\/wp\/v2\/users\/2"}],"replies":[{"embeddable":true,"href":"https:\/\/lmfc.pt\/index.php?rest_route=%2Fwp%2Fv2%2Fcomments&post=5035"}],"version-history":[{"count":9,"href":"https:\/\/lmfc.pt\/index.php?rest_route=\/wp\/v2\/pages\/5035\/revisions"}],"predecessor-version":[{"id":5285,"href":"https:\/\/lmfc.pt\/index.php?rest_route=\/wp\/v2\/pages\/5035\/revisions\/5285"}],"wp:attachment":[{"href":"https:\/\/lmfc.pt\/index.php?rest_route=%2Fwp%2Fv2%2Fmedia&parent=5035"}],"curies":[{"name":"wp","href":"https:\/\/api.w.org\/{rel}","templated":true}]}}