{"id":4987,"date":"2023-07-11T12:38:05","date_gmt":"2023-07-11T12:38:05","guid":{"rendered":"https:\/\/lmfc.pt\/?page_id=4987"},"modified":"2025-02-06T22:03:48","modified_gmt":"2025-02-06T22:03:48","slug":"contactos","status":"publish","type":"page","link":"https:\/\/lmfc.pt\/?page_id=4987","title":{"rendered":"CONTACTOS"},"content":{"rendered":"\t\t<div data-elementor-type=\"wp-page\" data-elementor-id=\"4987\" class=\"elementor elementor-4987\">\n\t\t\t\t\t\t<section class=\"elementor-section elementor-top-section elementor-element elementor-element-9e03572 elementor-section-boxed elementor-section-height-default elementor-section-height-default\" data-id=\"9e03572\" data-element_type=\"section\" data-e-type=\"section\">\n\t\t\t\t\t\t<div class=\"elementor-container elementor-column-gap-default\">\n\t\t\t\t\t<div class=\"elementor-column elementor-col-50 elementor-top-column elementor-element elementor-element-af6712f\" data-id=\"af6712f\" data-element_type=\"column\" data-e-type=\"column\">\n\t\t\t<div class=\"elementor-widget-wrap elementor-element-populated\">\n\t\t\t\t\t\t<div class=\"elementor-element elementor-element-8be003d elementor-widget elementor-widget-google_maps\" data-id=\"8be003d\" data-element_type=\"widget\" data-e-type=\"widget\" data-widget_type=\"google_maps.default\">\n\t\t\t\t<div class=\"elementor-widget-container\">\n\t\t\t\t\t\t\t<div class=\"elementor-custom-embed\">\n\t\t\t<iframe loading=\"lazy\"\n\t\t\t\t\tsrc=\"https:\/\/maps.google.com\/maps?q=LARANJA%20MEC%C3%82NICA%20FUTSAL%20CLUBE&#038;t=m&#038;z=15&#038;output=embed&#038;iwloc=near\"\n\t\t\t\t\ttitle=\"LARANJA MEC\u00c2NICA FUTSAL CLUBE\"\n\t\t\t\t\taria-label=\"LARANJA MEC\u00c2NICA FUTSAL CLUBE\"\n\t\t\t><\/iframe>\n\t\t<\/div>\n\t\t\t\t\t\t<\/div>\n\t\t\t\t<\/div>\n\t\t\t\t\t<\/div>\n\t\t<\/div>\n\t\t\t\t<div class=\"elementor-column elementor-col-50 elementor-top-column elementor-element elementor-element-2964317\" data-id=\"2964317\" data-element_type=\"column\" data-e-type=\"column\">\n\t\t\t<div class=\"elementor-widget-wrap elementor-element-populated\">\n\t\t\t\t\t\t<div class=\"elementor-element elementor-element-39f0f7e elementor-widget elementor-widget-heading\" data-id=\"39f0f7e\" data-element_type=\"widget\" data-e-type=\"widget\" data-widget_type=\"heading.default\">\n\t\t\t\t<div class=\"elementor-widget-container\">\n\t\t\t\t\t<h2 class=\"elementor-heading-title elementor-size-large\">CONTACTE PARA MAIS INFORMA\u00c7\u00d5ES<\/h2>\t\t\t\t<\/div>\n\t\t\t\t<\/div>\n\t\t\t\t<div class=\"elementor-element elementor-element-65d5ed3 elementor-widget elementor-widget-heading\" data-id=\"65d5ed3\" data-element_type=\"widget\" data-e-type=\"widget\" data-widget_type=\"heading.default\">\n\t\t\t\t<div class=\"elementor-widget-container\">\n\t\t\t\t\t<h2 class=\"elementor-heading-title elementor-size-medium\">MORADA<br>Rua do Cimo do Babalhau, 2350 Torres Novas<\/h2>\t\t\t\t<\/div>\n\t\t\t\t<\/div>\n\t\t\t\t<div class=\"elementor-element elementor-element-f3b63f3 elementor-widget elementor-widget-heading\" data-id=\"f3b63f3\" data-element_type=\"widget\" data-e-type=\"widget\" data-widget_type=\"heading.default\">\n\t\t\t\t<div class=\"elementor-widget-container\">\n\t\t\t\t\t<h2 class=\"elementor-heading-title elementor-size-medium\">EMAIL<br>academiaxs.futsal@gmail.com<\/h2>\t\t\t\t<\/div>\n\t\t\t\t<\/div>\n\t\t\t\t<div class=\"elementor-element elementor-element-17f96e6 elementor-widget elementor-widget-heading\" data-id=\"17f96e6\" data-element_type=\"widget\" data-e-type=\"widget\" data-widget_type=\"heading.default\">\n\t\t\t\t<div class=\"elementor-widget-container\">\n\t\t\t\t\t<h2 class=\"elementor-heading-title elementor-size-medium\">CONTACTOS TELEF\u00d3NICOS<br>910 447 060 <br>916 443 486 (Ricardo Bento)<br>915 868 200 (Paulo Jord\u00e3o) <\/h2>\t\t\t\t<\/div>\n\t\t\t\t<\/div>\n\t\t\t\t\t<\/div>\n\t\t<\/div>\n\t\t\t\t\t<\/div>\n\t\t<\/section>\n\t\t\t\t<\/div>\n\t\t","protected":false},"excerpt":{"rendered":"<p>CONTACTE PARA MAIS INFORMA\u00c7\u00d5ES MORADA Rua do Cimo do Babalhau, 2350 Torres Novas EMAIL academiaxs.futsal@gmail.com CONTACTOS TELEF\u00d3NICOS 910 447 060 916 443 486 (Ricardo Bento) 915 868 200 (Paulo Jord\u00e3o)<\/p>\n","protected":false},"author":2,"featured_media":0,"parent":0,"menu_order":0,"comment_status":"closed","ping_status":"closed","template":"","meta":{"site-sidebar-layout":"no-sidebar","site-content-layout":"page-builder","ast-site-content-layout":"default","site-content-style":"default","site-sidebar-style":"default","ast-global-header-display":"","ast-banner-title-visibility":"","ast-main-header-display":"","ast-hfb-above-header-display":"","ast-hfb-below-header-display":"","ast-hfb-mobile-header-display":"","site-post-title":"disabled","ast-breadcrumbs-content":"","ast-featured-img":"disabled","footer-sml-layout":"","ast-disable-related-posts":"","theme-transparent-header-meta":"","adv-header-id-meta":"","stick-header-meta":"","header-above-stick-meta":"","header-main-stick-meta":"","header-below-stick-meta":"","astra-migrate-meta-layouts":"default","ast-page-background-enabled":"default","ast-page-background-meta":{"desktop":{"background-color":"","background-image":"","background-repeat":"repeat","background-position":"center center","background-size":"auto","background-attachment":"scroll","background-type":"","background-media":"","overlay-type":"","overlay-color":"","overlay-opacity":"","overlay-gradient":""},"tablet":{"background-color":"","background-image":"","background-repeat":"repeat","background-position":"center center","background-size":"auto","background-attachment":"scroll","background-type":"","background-media":"","overlay-type":"","overlay-color":"","overlay-opacity":"","overlay-gradient":""},"mobile":{"background-color":"","background-image":"","background-repeat":"repeat","background-position":"center center","background-size":"auto","background-attachment":"scroll","background-type":"","background-media":"","overlay-type":"","overlay-color":"","overlay-opacity":"","overlay-gradient":""}},"ast-content-background-meta":{"desktop":{"background-color":"var(--ast-global-color-5)","background-image":"","background-repeat":"repeat","background-position":"center center","background-size":"auto","background-attachment":"scroll","background-type":"","background-media":"","overlay-type":"","overlay-color":"","overlay-opacity":"","overlay-gradient":""},"tablet":{"background-color":"var(--ast-global-color-5)","background-image":"","background-repeat":"repeat","background-position":"center center","background-size":"auto","background-attachment":"scroll","background-type":"","background-media":"","overlay-type":"","overlay-color":"","overlay-opacity":"","overlay-gradient":""},"mobile":{"background-color":"var(--ast-global-color-5)","background-image":"","background-repeat":"repeat","background-position":"center center","background-size":"auto","background-attachment":"scroll","background-type":"","background-media":"","overlay-type":"","overlay-color":"","overlay-opacity":"","overlay-gradient":""}},"footnotes":""},"class_list":["post-4987","page","type-page","status-publish","hentry"],"yoast_head":"<!-- This site is optimized with the Yoast SEO plugin v27.6 - https:\/\/yoast.com\/product\/yoast-seo-wordpress\/ -->\n<title>CONTACTOS - LARANJA MEC\u00c2NICA FUTSAL CLUBE<\/title>\n<meta name=\"robots\" content=\"index, follow, max-snippet:-1, max-image-preview:large, max-video-preview:-1\" \/>\n<link rel=\"canonical\" href=\"https:\/\/lmfc.pt\/?page_id=4987\" \/>\n<meta property=\"og:locale\" content=\"pt_PT\" \/>\n<meta property=\"og:type\" content=\"article\" \/>\n<meta property=\"og:title\" content=\"CONTACTOS - LARANJA MEC\u00c2NICA FUTSAL CLUBE\" \/>\n<meta property=\"og:description\" content=\"CONTACTE PARA MAIS INFORMA\u00c7\u00d5ES MORADA Rua do Cimo do Babalhau, 2350 Torres Novas EMAIL academiaxs.futsal@gmail.com CONTACTOS TELEF\u00d3NICOS 910 447 060 916 443 486 (Ricardo Bento) 915 868 200 (Paulo Jord\u00e3o)\" \/>\n<meta property=\"og:url\" content=\"https:\/\/lmfc.pt\/?page_id=4987\" \/>\n<meta property=\"og:site_name\" content=\"LARANJA MEC\u00c2NICA FUTSAL CLUBE\" \/>\n<meta property=\"article:publisher\" content=\"https:\/\/www.facebook.com\/LMFCAcademiaXS\" \/>\n<meta property=\"article:modified_time\" content=\"2025-02-06T22:03:48+00:00\" \/>\n<meta name=\"twitter:card\" content=\"summary_large_image\" \/>\n<script type=\"application\/ld+json\" class=\"yoast-schema-graph\">{\"@context\":\"https:\\\/\\\/schema.org\",\"@graph\":[{\"@type\":\"WebPage\",\"@id\":\"https:\\\/\\\/lmfc.pt\\\/?page_id=4987\",\"url\":\"https:\\\/\\\/lmfc.pt\\\/?page_id=4987\",\"name\":\"CONTACTOS - LARANJA MEC\u00c2NICA FUTSAL CLUBE\",\"isPartOf\":{\"@id\":\"https:\\\/\\\/lmfc.pt\\\/#website\"},\"datePublished\":\"2023-07-11T12:38:05+00:00\",\"dateModified\":\"2025-02-06T22:03:48+00:00\",\"breadcrumb\":{\"@id\":\"https:\\\/\\\/lmfc.pt\\\/?page_id=4987#breadcrumb\"},\"inLanguage\":\"pt-PT\",\"potentialAction\":[{\"@type\":\"ReadAction\",\"target\":[\"https:\\\/\\\/lmfc.pt\\\/?page_id=4987\"]}]},{\"@type\":\"BreadcrumbList\",\"@id\":\"https:\\\/\\\/lmfc.pt\\\/?page_id=4987#breadcrumb\",\"itemListElement\":[{\"@type\":\"ListItem\",\"position\":1,\"name\":\"In\u00edcio\",\"item\":\"https:\\\/\\\/lmfc.pt\\\/\"},{\"@type\":\"ListItem\",\"position\":2,\"name\":\"CONTACTOS\"}]},{\"@type\":\"WebSite\",\"@id\":\"https:\\\/\\\/lmfc.pt\\\/#website\",\"url\":\"https:\\\/\\\/lmfc.pt\\\/\",\"name\":\"LARANJA MEC\u00c2NICA FUTSAL CLUBE\",\"description\":\"LARANJA MEC\u00c2NICA FUTSAL CLUBE\",\"publisher\":{\"@id\":\"https:\\\/\\\/lmfc.pt\\\/#organization\"},\"potentialAction\":[{\"@type\":\"SearchAction\",\"target\":{\"@type\":\"EntryPoint\",\"urlTemplate\":\"https:\\\/\\\/lmfc.pt\\\/?s={search_term_string}\"},\"query-input\":{\"@type\":\"PropertyValueSpecification\",\"valueRequired\":true,\"valueName\":\"search_term_string\"}}],\"inLanguage\":\"pt-PT\"},{\"@type\":\"Organization\",\"@id\":\"https:\\\/\\\/lmfc.pt\\\/#organization\",\"name\":\"LARANJA MEC\u00c2NICA FUTSAL CLUBE\",\"url\":\"https:\\\/\\\/lmfc.pt\\\/\",\"logo\":{\"@type\":\"ImageObject\",\"inLanguage\":\"pt-PT\",\"@id\":\"https:\\\/\\\/lmfc.pt\\\/#\\\/schema\\\/logo\\\/image\\\/\",\"url\":\"https:\\\/\\\/lmfc.pt\\\/wp-content\\\/uploads\\\/2020\\\/12\\\/LOGO-LMFC.png\",\"contentUrl\":\"https:\\\/\\\/lmfc.pt\\\/wp-content\\\/uploads\\\/2020\\\/12\\\/LOGO-LMFC.png\",\"width\":1080,\"height\":1080,\"caption\":\"LARANJA MEC\u00c2NICA FUTSAL CLUBE\"},\"image\":{\"@id\":\"https:\\\/\\\/lmfc.pt\\\/#\\\/schema\\\/logo\\\/image\\\/\"},\"sameAs\":[\"https:\\\/\\\/www.facebook.com\\\/LMFCAcademiaXS\"]}]}<\/script>\n<!-- \/ Yoast SEO plugin. -->","yoast_head_json":{"title":"CONTACTOS - LARANJA MEC\u00c2NICA FUTSAL CLUBE","robots":{"index":"index","follow":"follow","max-snippet":"max-snippet:-1","max-image-preview":"max-image-preview:large","max-video-preview":"max-video-preview:-1"},"canonical":"https:\/\/lmfc.pt\/?page_id=4987","og_locale":"pt_PT","og_type":"article","og_title":"CONTACTOS - LARANJA MEC\u00c2NICA FUTSAL CLUBE","og_description":"CONTACTE PARA MAIS INFORMA\u00c7\u00d5ES MORADA Rua do Cimo do Babalhau, 2350 Torres Novas EMAIL academiaxs.futsal@gmail.com CONTACTOS TELEF\u00d3NICOS 910 447 060 916 443 486 (Ricardo Bento) 915 868 200 (Paulo Jord\u00e3o)","og_url":"https:\/\/lmfc.pt\/?page_id=4987","og_site_name":"LARANJA MEC\u00c2NICA FUTSAL CLUBE","article_publisher":"https:\/\/www.facebook.com\/LMFCAcademiaXS","article_modified_time":"2025-02-06T22:03:48+00:00","twitter_card":"summary_large_image","schema":{"@context":"https:\/\/schema.org","@graph":[{"@type":"WebPage","@id":"https:\/\/lmfc.pt\/?page_id=4987","url":"https:\/\/lmfc.pt\/?page_id=4987","name":"CONTACTOS - LARANJA MEC\u00c2NICA FUTSAL CLUBE","isPartOf":{"@id":"https:\/\/lmfc.pt\/#website"},"datePublished":"2023-07-11T12:38:05+00:00","dateModified":"2025-02-06T22:03:48+00:00","breadcrumb":{"@id":"https:\/\/lmfc.pt\/?page_id=4987#breadcrumb"},"inLanguage":"pt-PT","potentialAction":[{"@type":"ReadAction","target":["https:\/\/lmfc.pt\/?page_id=4987"]}]},{"@type":"BreadcrumbList","@id":"https:\/\/lmfc.pt\/?page_id=4987#breadcrumb","itemListElement":[{"@type":"ListItem","position":1,"name":"In\u00edcio","item":"https:\/\/lmfc.pt\/"},{"@type":"ListItem","position":2,"name":"CONTACTOS"}]},{"@type":"WebSite","@id":"https:\/\/lmfc.pt\/#website","url":"https:\/\/lmfc.pt\/","name":"LARANJA MEC\u00c2NICA FUTSAL CLUBE","description":"LARANJA MEC\u00c2NICA FUTSAL CLUBE","publisher":{"@id":"https:\/\/lmfc.pt\/#organization"},"potentialAction":[{"@type":"SearchAction","target":{"@type":"EntryPoint","urlTemplate":"https:\/\/lmfc.pt\/?s={search_term_string}"},"query-input":{"@type":"PropertyValueSpecification","valueRequired":true,"valueName":"search_term_string"}}],"inLanguage":"pt-PT"},{"@type":"Organization","@id":"https:\/\/lmfc.pt\/#organization","name":"LARANJA MEC\u00c2NICA FUTSAL CLUBE","url":"https:\/\/lmfc.pt\/","logo":{"@type":"ImageObject","inLanguage":"pt-PT","@id":"https:\/\/lmfc.pt\/#\/schema\/logo\/image\/","url":"https:\/\/lmfc.pt\/wp-content\/uploads\/2020\/12\/LOGO-LMFC.png","contentUrl":"https:\/\/lmfc.pt\/wp-content\/uploads\/2020\/12\/LOGO-LMFC.png","width":1080,"height":1080,"caption":"LARANJA MEC\u00c2NICA FUTSAL CLUBE"},"image":{"@id":"https:\/\/lmfc.pt\/#\/schema\/logo\/image\/"},"sameAs":["https:\/\/www.facebook.com\/LMFCAcademiaXS"]}]}},"_links":{"self":[{"href":"https:\/\/lmfc.pt\/index.php?rest_route=\/wp\/v2\/pages\/4987","targetHints":{"allow":["GET"]}}],"collection":[{"href":"https:\/\/lmfc.pt\/index.php?rest_route=\/wp\/v2\/pages"}],"about":[{"href":"https:\/\/lmfc.pt\/index.php?rest_route=\/wp\/v2\/types\/page"}],"author":[{"embeddable":true,"href":"https:\/\/lmfc.pt\/index.php?rest_route=\/wp\/v2\/users\/2"}],"replies":[{"embeddable":true,"href":"https:\/\/lmfc.pt\/index.php?rest_route=%2Fwp%2Fv2%2Fcomments&post=4987"}],"version-history":[{"count":8,"href":"https:\/\/lmfc.pt\/index.php?rest_route=\/wp\/v2\/pages\/4987\/revisions"}],"predecessor-version":[{"id":5280,"href":"https:\/\/lmfc.pt\/index.php?rest_route=\/wp\/v2\/pages\/4987\/revisions\/5280"}],"wp:attachment":[{"href":"https:\/\/lmfc.pt\/index.php?rest_route=%2Fwp%2Fv2%2Fmedia&parent=4987"}],"curies":[{"name":"wp","href":"https:\/\/api.w.org\/{rel}","templated":true}]}}