{"id":4308,"date":"2021-08-02T00:08:19","date_gmt":"2021-08-02T00:08:19","guid":{"rendered":"https:\/\/lmfc.pt\/?page_id=4308"},"modified":"2025-02-06T22:25:43","modified_gmt":"2025-02-06T22:25:43","slug":"documentacao","status":"publish","type":"page","link":"https:\/\/lmfc.pt\/?page_id=4308","title":{"rendered":"Documenta\u00e7\u00e3o"},"content":{"rendered":"\t\t<div data-elementor-type=\"wp-page\" data-elementor-id=\"4308\" class=\"elementor elementor-4308\">\n\t\t\t\t\t\t<section class=\"elementor-section elementor-top-section elementor-element elementor-element-76c1138 elementor-section-boxed elementor-section-height-default elementor-section-height-default\" data-id=\"76c1138\" data-element_type=\"section\" data-e-type=\"section\" data-settings=\"{&quot;background_background&quot;:&quot;classic&quot;}\">\n\t\t\t\t\t\t<div class=\"elementor-container elementor-column-gap-default\">\n\t\t\t\t\t<div class=\"elementor-column elementor-col-33 elementor-top-column elementor-element elementor-element-b49fd52\" data-id=\"b49fd52\" data-element_type=\"column\" data-e-type=\"column\">\n\t\t\t<div class=\"elementor-widget-wrap elementor-element-populated\">\n\t\t\t\t\t\t<div class=\"elementor-element elementor-element-667dc95 elementor-widget elementor-widget-image\" data-id=\"667dc95\" data-element_type=\"widget\" data-e-type=\"widget\" data-widget_type=\"image.default\">\n\t\t\t\t<div class=\"elementor-widget-container\">\n\t\t\t\t\t\t\t\t\t\t\t\t<figure class=\"wp-caption\">\n\t\t\t\t\t\t\t\t\t\t\t<a href=\"https:\/\/lmfc.pt\/wp-content\/uploads\/2020\/12\/MODELO_2_NaoProfissionais_2-I-9.pdf\">\n\t\t\t\t\t\t\t<img fetchpriority=\"high\" decoding=\"async\" width=\"646\" height=\"915\" src=\"https:\/\/lmfc.pt\/wp-content\/uploads\/2023\/07\/modelo-2.jpg\" class=\"attachment-large size-large wp-image-5079\" alt=\"\" srcset=\"https:\/\/lmfc.pt\/wp-content\/uploads\/2023\/07\/modelo-2.jpg 646w, https:\/\/lmfc.pt\/wp-content\/uploads\/2023\/07\/modelo-2-212x300.jpg 212w, https:\/\/lmfc.pt\/wp-content\/uploads\/2023\/07\/modelo-2-600x850.jpg 600w\" sizes=\"(max-width: 646px) 100vw, 646px\" \/>\t\t\t\t\t\t\t\t<\/a>\n\t\t\t\t\t\t\t\t\t\t\t<figcaption class=\"widget-image-caption wp-caption-text\">MODELO 2<\/figcaption>\n\t\t\t\t\t\t\t\t\t\t<\/figure>\n\t\t\t\t\t\t\t\t\t<\/div>\n\t\t\t\t<\/div>\n\t\t\t\t\t<\/div>\n\t\t<\/div>\n\t\t\t\t<div class=\"elementor-column elementor-col-33 elementor-top-column elementor-element elementor-element-2dfd72a\" data-id=\"2dfd72a\" data-element_type=\"column\" data-e-type=\"column\">\n\t\t\t<div class=\"elementor-widget-wrap elementor-element-populated\">\n\t\t\t\t\t\t<div class=\"elementor-element elementor-element-ed60755 elementor-widget elementor-widget-image\" data-id=\"ed60755\" data-element_type=\"widget\" data-e-type=\"widget\" data-widget_type=\"image.default\">\n\t\t\t\t<div class=\"elementor-widget-container\">\n\t\t\t\t\t\t\t\t\t\t\t\t<figure class=\"wp-caption\">\n\t\t\t\t\t\t\t\t\t\t\t<a href=\"https:\/\/lmfc.pt\/wp-content\/uploads\/2020\/12\/declaracao_autorizacao_subida-escalao_form.pdf\">\n\t\t\t\t\t\t\t<img decoding=\"async\" width=\"648\" height=\"915\" src=\"https:\/\/lmfc.pt\/wp-content\/uploads\/2023\/07\/DECLARACAO.jpg\" class=\"attachment-large size-large wp-image-5084\" alt=\"\" srcset=\"https:\/\/lmfc.pt\/wp-content\/uploads\/2023\/07\/DECLARACAO.jpg 648w, https:\/\/lmfc.pt\/wp-content\/uploads\/2023\/07\/DECLARACAO-212x300.jpg 212w, https:\/\/lmfc.pt\/wp-content\/uploads\/2023\/07\/DECLARACAO-600x847.jpg 600w\" sizes=\"(max-width: 648px) 100vw, 648px\" \/>\t\t\t\t\t\t\t\t<\/a>\n\t\t\t\t\t\t\t\t\t\t\t<figcaption class=\"widget-image-caption wp-caption-text\">DECLARA\u00c7\u00c3O DE AUTORIZA\u00c7\u00c3O<\/figcaption>\n\t\t\t\t\t\t\t\t\t\t<\/figure>\n\t\t\t\t\t\t\t\t\t<\/div>\n\t\t\t\t<\/div>\n\t\t\t\t\t<\/div>\n\t\t<\/div>\n\t\t\t\t<div class=\"elementor-column elementor-col-33 elementor-top-column elementor-element elementor-element-f9e3f8d\" data-id=\"f9e3f8d\" data-element_type=\"column\" data-e-type=\"column\">\n\t\t\t<div class=\"elementor-widget-wrap elementor-element-populated\">\n\t\t\t\t\t\t<div class=\"elementor-element elementor-element-31e59e6 elementor-widget elementor-widget-image\" data-id=\"31e59e6\" data-element_type=\"widget\" data-e-type=\"widget\" data-widget_type=\"image.default\">\n\t\t\t\t<div class=\"elementor-widget-container\">\n\t\t\t\t\t\t\t\t\t\t\t\t<figure class=\"wp-caption\">\n\t\t\t\t\t\t\t\t\t\t\t<a href=\"https:\/\/lmfc.pt\/wp-content\/uploads\/2020\/12\/impresso_exame_medico_desportivo_modelo_v0_9-1.pdf\">\n\t\t\t\t\t\t\t<img decoding=\"async\" width=\"646\" height=\"914\" src=\"https:\/\/lmfc.pt\/wp-content\/uploads\/2023\/07\/EXAMES.jpg\" class=\"attachment-large size-large wp-image-5083\" alt=\"\" srcset=\"https:\/\/lmfc.pt\/wp-content\/uploads\/2023\/07\/EXAMES.jpg 646w, https:\/\/lmfc.pt\/wp-content\/uploads\/2023\/07\/EXAMES-212x300.jpg 212w, https:\/\/lmfc.pt\/wp-content\/uploads\/2023\/07\/EXAMES-600x849.jpg 600w\" sizes=\"(max-width: 646px) 100vw, 646px\" \/>\t\t\t\t\t\t\t\t<\/a>\n\t\t\t\t\t\t\t\t\t\t\t<figcaption class=\"widget-image-caption wp-caption-text\">EXAME M\u00c9DICO DESPORTIVO<\/figcaption>\n\t\t\t\t\t\t\t\t\t\t<\/figure>\n\t\t\t\t\t\t\t\t\t<\/div>\n\t\t\t\t<\/div>\n\t\t\t\t\t<\/div>\n\t\t<\/div>\n\t\t\t\t\t<\/div>\n\t\t<\/section>\n\t\t\t\t<\/div>\n\t\t","protected":false},"excerpt":{"rendered":"<p>MODELO 2 DECLARA\u00c7\u00c3O DE AUTORIZA\u00c7\u00c3O EXAME M\u00c9DICO DESPORTIVO<\/p>\n","protected":false},"author":2,"featured_media":0,"parent":0,"menu_order":0,"comment_status":"closed","ping_status":"closed","template":"","meta":{"site-sidebar-layout":"default","site-content-layout":"","ast-site-content-layout":"default","site-content-style":"default","site-sidebar-style":"default","ast-global-header-display":"","ast-banner-title-visibility":"","ast-main-header-display":"","ast-hfb-above-header-display":"","ast-hfb-below-header-display":"","ast-hfb-mobile-header-display":"","site-post-title":"","ast-breadcrumbs-content":"","ast-featured-img":"","footer-sml-layout":"","ast-disable-related-posts":"","theme-transparent-header-meta":"","adv-header-id-meta":"","stick-header-meta":"","header-above-stick-meta":"","header-main-stick-meta":"","header-below-stick-meta":"","astra-migrate-meta-layouts":"default","ast-page-background-enabled":"default","ast-page-background-meta":{"desktop":{"background-color":"","background-image":"","background-repeat":"repeat","background-position":"center center","background-size":"auto","background-attachment":"scroll","background-type":"","background-media":"","overlay-type":"","overlay-color":"","overlay-opacity":"","overlay-gradient":""},"tablet":{"background-color":"","background-image":"","background-repeat":"repeat","background-position":"center center","background-size":"auto","background-attachment":"scroll","background-type":"","background-media":"","overlay-type":"","overlay-color":"","overlay-opacity":"","overlay-gradient":""},"mobile":{"background-color":"","background-image":"","background-repeat":"repeat","background-position":"center center","background-size":"auto","background-attachment":"scroll","background-type":"","background-media":"","overlay-type":"","overlay-color":"","overlay-opacity":"","overlay-gradient":""}},"ast-content-background-meta":{"desktop":{"background-color":"var(--ast-global-color-5)","background-image":"","background-repeat":"repeat","background-position":"center center","background-size":"auto","background-attachment":"scroll","background-type":"","background-media":"","overlay-type":"","overlay-color":"","overlay-opacity":"","overlay-gradient":""},"tablet":{"background-color":"var(--ast-global-color-5)","background-image":"","background-repeat":"repeat","background-position":"center center","background-size":"auto","background-attachment":"scroll","background-type":"","background-media":"","overlay-type":"","overlay-color":"","overlay-opacity":"","overlay-gradient":""},"mobile":{"background-color":"var(--ast-global-color-5)","background-image":"","background-repeat":"repeat","background-position":"center center","background-size":"auto","background-attachment":"scroll","background-type":"","background-media":"","overlay-type":"","overlay-color":"","overlay-opacity":"","overlay-gradient":""}},"footnotes":""},"class_list":["post-4308","page","type-page","status-publish","hentry"],"yoast_head":"<!-- This site is optimized with the Yoast SEO plugin v27.6 - https:\/\/yoast.com\/product\/yoast-seo-wordpress\/ -->\n<title>Documenta\u00e7\u00e3o - LARANJA MEC\u00c2NICA FUTSAL CLUBE<\/title>\n<meta name=\"robots\" content=\"index, follow, max-snippet:-1, max-image-preview:large, max-video-preview:-1\" \/>\n<link rel=\"canonical\" href=\"https:\/\/lmfc.pt\/?page_id=4308\" \/>\n<meta property=\"og:locale\" content=\"pt_PT\" \/>\n<meta property=\"og:type\" content=\"article\" \/>\n<meta property=\"og:title\" content=\"Documenta\u00e7\u00e3o - LARANJA MEC\u00c2NICA FUTSAL CLUBE\" \/>\n<meta property=\"og:description\" content=\"MODELO 2 DECLARA\u00c7\u00c3O DE AUTORIZA\u00c7\u00c3O EXAME M\u00c9DICO DESPORTIVO\" \/>\n<meta property=\"og:url\" content=\"https:\/\/lmfc.pt\/?page_id=4308\" \/>\n<meta property=\"og:site_name\" content=\"LARANJA MEC\u00c2NICA FUTSAL CLUBE\" \/>\n<meta property=\"article:publisher\" content=\"https:\/\/www.facebook.com\/LMFCAcademiaXS\" \/>\n<meta property=\"article:modified_time\" content=\"2025-02-06T22:25:43+00:00\" \/>\n<meta property=\"og:image\" content=\"https:\/\/lmfc.pt\/wp-content\/uploads\/2023\/07\/modelo-2.jpg\" \/>\n<meta name=\"twitter:card\" content=\"summary_large_image\" \/>\n<script type=\"application\/ld+json\" class=\"yoast-schema-graph\">{\"@context\":\"https:\\\/\\\/schema.org\",\"@graph\":[{\"@type\":\"WebPage\",\"@id\":\"https:\\\/\\\/lmfc.pt\\\/?page_id=4308\",\"url\":\"https:\\\/\\\/lmfc.pt\\\/?page_id=4308\",\"name\":\"Documenta\u00e7\u00e3o - LARANJA MEC\u00c2NICA FUTSAL CLUBE\",\"isPartOf\":{\"@id\":\"https:\\\/\\\/lmfc.pt\\\/#website\"},\"primaryImageOfPage\":{\"@id\":\"https:\\\/\\\/lmfc.pt\\\/?page_id=4308#primaryimage\"},\"image\":{\"@id\":\"https:\\\/\\\/lmfc.pt\\\/?page_id=4308#primaryimage\"},\"thumbnailUrl\":\"https:\\\/\\\/lmfc.pt\\\/wp-content\\\/uploads\\\/2023\\\/07\\\/modelo-2.jpg\",\"datePublished\":\"2021-08-02T00:08:19+00:00\",\"dateModified\":\"2025-02-06T22:25:43+00:00\",\"breadcrumb\":{\"@id\":\"https:\\\/\\\/lmfc.pt\\\/?page_id=4308#breadcrumb\"},\"inLanguage\":\"pt-PT\",\"potentialAction\":[{\"@type\":\"ReadAction\",\"target\":[\"https:\\\/\\\/lmfc.pt\\\/?page_id=4308\"]}]},{\"@type\":\"ImageObject\",\"inLanguage\":\"pt-PT\",\"@id\":\"https:\\\/\\\/lmfc.pt\\\/?page_id=4308#primaryimage\",\"url\":\"https:\\\/\\\/lmfc.pt\\\/wp-content\\\/uploads\\\/2023\\\/07\\\/modelo-2.jpg\",\"contentUrl\":\"https:\\\/\\\/lmfc.pt\\\/wp-content\\\/uploads\\\/2023\\\/07\\\/modelo-2.jpg\",\"width\":646,\"height\":915},{\"@type\":\"BreadcrumbList\",\"@id\":\"https:\\\/\\\/lmfc.pt\\\/?page_id=4308#breadcrumb\",\"itemListElement\":[{\"@type\":\"ListItem\",\"position\":1,\"name\":\"In\u00edcio\",\"item\":\"https:\\\/\\\/lmfc.pt\\\/\"},{\"@type\":\"ListItem\",\"position\":2,\"name\":\"Documenta\u00e7\u00e3o\"}]},{\"@type\":\"WebSite\",\"@id\":\"https:\\\/\\\/lmfc.pt\\\/#website\",\"url\":\"https:\\\/\\\/lmfc.pt\\\/\",\"name\":\"LARANJA MEC\u00c2NICA FUTSAL CLUBE\",\"description\":\"LARANJA MEC\u00c2NICA FUTSAL CLUBE\",\"publisher\":{\"@id\":\"https:\\\/\\\/lmfc.pt\\\/#organization\"},\"potentialAction\":[{\"@type\":\"SearchAction\",\"target\":{\"@type\":\"EntryPoint\",\"urlTemplate\":\"https:\\\/\\\/lmfc.pt\\\/?s={search_term_string}\"},\"query-input\":{\"@type\":\"PropertyValueSpecification\",\"valueRequired\":true,\"valueName\":\"search_term_string\"}}],\"inLanguage\":\"pt-PT\"},{\"@type\":\"Organization\",\"@id\":\"https:\\\/\\\/lmfc.pt\\\/#organization\",\"name\":\"LARANJA MEC\u00c2NICA FUTSAL CLUBE\",\"url\":\"https:\\\/\\\/lmfc.pt\\\/\",\"logo\":{\"@type\":\"ImageObject\",\"inLanguage\":\"pt-PT\",\"@id\":\"https:\\\/\\\/lmfc.pt\\\/#\\\/schema\\\/logo\\\/image\\\/\",\"url\":\"https:\\\/\\\/lmfc.pt\\\/wp-content\\\/uploads\\\/2020\\\/12\\\/LOGO-LMFC.png\",\"contentUrl\":\"https:\\\/\\\/lmfc.pt\\\/wp-content\\\/uploads\\\/2020\\\/12\\\/LOGO-LMFC.png\",\"width\":1080,\"height\":1080,\"caption\":\"LARANJA MEC\u00c2NICA FUTSAL CLUBE\"},\"image\":{\"@id\":\"https:\\\/\\\/lmfc.pt\\\/#\\\/schema\\\/logo\\\/image\\\/\"},\"sameAs\":[\"https:\\\/\\\/www.facebook.com\\\/LMFCAcademiaXS\"]}]}<\/script>\n<!-- \/ Yoast SEO plugin. -->","yoast_head_json":{"title":"Documenta\u00e7\u00e3o - LARANJA MEC\u00c2NICA FUTSAL CLUBE","robots":{"index":"index","follow":"follow","max-snippet":"max-snippet:-1","max-image-preview":"max-image-preview:large","max-video-preview":"max-video-preview:-1"},"canonical":"https:\/\/lmfc.pt\/?page_id=4308","og_locale":"pt_PT","og_type":"article","og_title":"Documenta\u00e7\u00e3o - LARANJA MEC\u00c2NICA FUTSAL CLUBE","og_description":"MODELO 2 DECLARA\u00c7\u00c3O DE AUTORIZA\u00c7\u00c3O EXAME M\u00c9DICO DESPORTIVO","og_url":"https:\/\/lmfc.pt\/?page_id=4308","og_site_name":"LARANJA MEC\u00c2NICA FUTSAL CLUBE","article_publisher":"https:\/\/www.facebook.com\/LMFCAcademiaXS","article_modified_time":"2025-02-06T22:25:43+00:00","og_image":[{"url":"https:\/\/lmfc.pt\/wp-content\/uploads\/2023\/07\/modelo-2.jpg","type":"","width":"","height":""}],"twitter_card":"summary_large_image","schema":{"@context":"https:\/\/schema.org","@graph":[{"@type":"WebPage","@id":"https:\/\/lmfc.pt\/?page_id=4308","url":"https:\/\/lmfc.pt\/?page_id=4308","name":"Documenta\u00e7\u00e3o - LARANJA MEC\u00c2NICA FUTSAL CLUBE","isPartOf":{"@id":"https:\/\/lmfc.pt\/#website"},"primaryImageOfPage":{"@id":"https:\/\/lmfc.pt\/?page_id=4308#primaryimage"},"image":{"@id":"https:\/\/lmfc.pt\/?page_id=4308#primaryimage"},"thumbnailUrl":"https:\/\/lmfc.pt\/wp-content\/uploads\/2023\/07\/modelo-2.jpg","datePublished":"2021-08-02T00:08:19+00:00","dateModified":"2025-02-06T22:25:43+00:00","breadcrumb":{"@id":"https:\/\/lmfc.pt\/?page_id=4308#breadcrumb"},"inLanguage":"pt-PT","potentialAction":[{"@type":"ReadAction","target":["https:\/\/lmfc.pt\/?page_id=4308"]}]},{"@type":"ImageObject","inLanguage":"pt-PT","@id":"https:\/\/lmfc.pt\/?page_id=4308#primaryimage","url":"https:\/\/lmfc.pt\/wp-content\/uploads\/2023\/07\/modelo-2.jpg","contentUrl":"https:\/\/lmfc.pt\/wp-content\/uploads\/2023\/07\/modelo-2.jpg","width":646,"height":915},{"@type":"BreadcrumbList","@id":"https:\/\/lmfc.pt\/?page_id=4308#breadcrumb","itemListElement":[{"@type":"ListItem","position":1,"name":"In\u00edcio","item":"https:\/\/lmfc.pt\/"},{"@type":"ListItem","position":2,"name":"Documenta\u00e7\u00e3o"}]},{"@type":"WebSite","@id":"https:\/\/lmfc.pt\/#website","url":"https:\/\/lmfc.pt\/","name":"LARANJA MEC\u00c2NICA FUTSAL CLUBE","description":"LARANJA MEC\u00c2NICA FUTSAL CLUBE","publisher":{"@id":"https:\/\/lmfc.pt\/#organization"},"potentialAction":[{"@type":"SearchAction","target":{"@type":"EntryPoint","urlTemplate":"https:\/\/lmfc.pt\/?s={search_term_string}"},"query-input":{"@type":"PropertyValueSpecification","valueRequired":true,"valueName":"search_term_string"}}],"inLanguage":"pt-PT"},{"@type":"Organization","@id":"https:\/\/lmfc.pt\/#organization","name":"LARANJA MEC\u00c2NICA FUTSAL CLUBE","url":"https:\/\/lmfc.pt\/","logo":{"@type":"ImageObject","inLanguage":"pt-PT","@id":"https:\/\/lmfc.pt\/#\/schema\/logo\/image\/","url":"https:\/\/lmfc.pt\/wp-content\/uploads\/2020\/12\/LOGO-LMFC.png","contentUrl":"https:\/\/lmfc.pt\/wp-content\/uploads\/2020\/12\/LOGO-LMFC.png","width":1080,"height":1080,"caption":"LARANJA MEC\u00c2NICA FUTSAL CLUBE"},"image":{"@id":"https:\/\/lmfc.pt\/#\/schema\/logo\/image\/"},"sameAs":["https:\/\/www.facebook.com\/LMFCAcademiaXS"]}]}},"_links":{"self":[{"href":"https:\/\/lmfc.pt\/index.php?rest_route=\/wp\/v2\/pages\/4308","targetHints":{"allow":["GET"]}}],"collection":[{"href":"https:\/\/lmfc.pt\/index.php?rest_route=\/wp\/v2\/pages"}],"about":[{"href":"https:\/\/lmfc.pt\/index.php?rest_route=\/wp\/v2\/types\/page"}],"author":[{"embeddable":true,"href":"https:\/\/lmfc.pt\/index.php?rest_route=\/wp\/v2\/users\/2"}],"replies":[{"embeddable":true,"href":"https:\/\/lmfc.pt\/index.php?rest_route=%2Fwp%2Fv2%2Fcomments&post=4308"}],"version-history":[{"count":14,"href":"https:\/\/lmfc.pt\/index.php?rest_route=\/wp\/v2\/pages\/4308\/revisions"}],"predecessor-version":[{"id":5284,"href":"https:\/\/lmfc.pt\/index.php?rest_route=\/wp\/v2\/pages\/4308\/revisions\/5284"}],"wp:attachment":[{"href":"https:\/\/lmfc.pt\/index.php?rest_route=%2Fwp%2Fv2%2Fmedia&parent=4308"}],"curies":[{"name":"wp","href":"https:\/\/api.w.org\/{rel}","templated":true}]}}